{"id":2263,"date":"2020-06-23T13:01:25","date_gmt":"2020-06-23T12:01:25","guid":{"rendered":"http:\/\/avalonprzedszkole.pl\/?page_id=2263"},"modified":"2025-02-19T00:15:26","modified_gmt":"2025-02-18T23:15:26","slug":"pedagogika-montessori","status":"publish","type":"page","link":"https:\/\/avalonprzedszkole.pl\/en\/pedagogika-montessori\/","title":{"rendered":"Montessori education"},"content":{"rendered":"<div data-elementor-type=\"wp-page\" data-elementor-id=\"2263\" class=\"elementor elementor-2263\">\n\t\t\t\t\t\t<section class=\"elementor-section elementor-top-section elementor-element elementor-element-c46cbad elementor-section-boxed elementor-section-height-default elementor-section-height-default\" data-id=\"c46cbad\" data-element_type=\"section\" data-e-type=\"section\">\n\t\t\t\t\t\t<div class=\"elementor-container elementor-column-gap-default\">\n\t\t\t\t\t<div class=\"elementor-column elementor-col-100 elementor-top-column elementor-element elementor-element-fd8f3e3\" data-id=\"fd8f3e3\" data-element_type=\"column\" data-e-type=\"column\">\n\t\t\t<div class=\"elementor-widget-wrap elementor-element-populated\">\n\t\t\t\t\t\t<div class=\"elementor-element elementor-element-0e92406 elementor-widget elementor-widget-spacer\" data-id=\"0e92406\" data-element_type=\"widget\" data-e-type=\"widget\" data-widget_type=\"spacer.default\">\n\t\t\t\t<div class=\"elementor-widget-container\">\n\t\t\t\t\t\t\t<div class=\"elementor-spacer\">\n\t\t\t<div class=\"elementor-spacer-inner\"><\/div>\n\t\t<\/div>\n\t\t\t\t\t\t<\/div>\n\t\t\t\t<\/div>\n\t\t\t\t\t<\/div>\n\t\t<\/div>\n\t\t\t\t\t<\/div>\n\t\t<\/section>\n\t\t\t\t<section class=\"elementor-section elementor-top-section elementor-element elementor-element-3cd49a6c elementor-section-height-min-height elementor-section-boxed elementor-section-height-default elementor-section-items-middle\" data-id=\"3cd49a6c\" data-element_type=\"section\" data-e-type=\"section\" data-settings=\"{&quot;background_background&quot;:&quot;classic&quot;}\">\n\t\t\t\t\t\t\t<div class=\"elementor-background-overlay\"><\/div>\n\t\t\t\t\t\t\t<div class=\"elementor-container elementor-column-gap-default\">\n\t\t\t\t\t<div class=\"elementor-column elementor-col-100 elementor-top-column elementor-element elementor-element-fcc156\" data-id=\"fcc156\" data-element_type=\"column\" data-e-type=\"column\">\n\t\t\t<div class=\"elementor-widget-wrap elementor-element-populated\">\n\t\t\t\t\t\t<section class=\"elementor-section elementor-inner-section elementor-element elementor-element-24ccbbd1 elementor-section-boxed elementor-section-height-default elementor-section-height-default\" data-id=\"24ccbbd1\" data-element_type=\"section\" data-e-type=\"section\">\n\t\t\t\t\t\t<div class=\"elementor-container elementor-column-gap-default\">\n\t\t\t\t\t<div class=\"elementor-column elementor-col-33 elementor-inner-column elementor-element elementor-element-73a4a152\" data-id=\"73a4a152\" data-element_type=\"column\" data-e-type=\"column\">\n\t\t\t<div class=\"elementor-widget-wrap elementor-element-populated\">\n\t\t\t\t\t\t<div class=\"elementor-element elementor-element-5d489dbf elementor-widget-divider--view-line elementor-widget elementor-widget-divider\" data-id=\"5d489dbf\" data-element_type=\"widget\" data-e-type=\"widget\" data-widget_type=\"divider.default\">\n\t\t\t\t<div class=\"elementor-widget-container\">\n\t\t\t\t\t\t\t<div class=\"elementor-divider\">\n\t\t\t<span class=\"elementor-divider-separator\">\n\t\t\t\t\t\t<\/span>\n\t\t<\/div>\n\t\t\t\t\t\t<\/div>\n\t\t\t\t<\/div>\n\t\t\t\t\t<\/div>\n\t\t<\/div>\n\t\t\t\t<div class=\"elementor-column elementor-col-33 elementor-inner-column elementor-element elementor-element-6ff956fd\" data-id=\"6ff956fd\" data-element_type=\"column\" data-e-type=\"column\">\n\t\t\t<div class=\"elementor-widget-wrap elementor-element-populated\">\n\t\t\t\t\t\t<div class=\"elementor-element elementor-element-77938f48 elementor-widget elementor-widget-heading\" data-id=\"77938f48\" data-element_type=\"widget\" data-e-type=\"widget\" data-widget_type=\"heading.default\">\n\t\t\t\t<div class=\"elementor-widget-container\">\n\t\t\t\t\t<h3 class=\"elementor-heading-title elementor-size-default\">MONTESSORI<\/h3>\t\t\t\t<\/div>\n\t\t\t\t<\/div>\n\t\t\t\t\t<\/div>\n\t\t<\/div>\n\t\t\t\t<div class=\"elementor-column elementor-col-33 elementor-inner-column elementor-element elementor-element-24f8b2c9\" data-id=\"24f8b2c9\" data-element_type=\"column\" data-e-type=\"column\">\n\t\t\t<div class=\"elementor-widget-wrap elementor-element-populated\">\n\t\t\t\t\t\t<div class=\"elementor-element elementor-element-f8e8409 elementor-widget-divider--view-line elementor-widget elementor-widget-divider\" data-id=\"f8e8409\" data-element_type=\"widget\" data-e-type=\"widget\" data-widget_type=\"divider.default\">\n\t\t\t\t<div class=\"elementor-widget-container\">\n\t\t\t\t\t\t\t<div class=\"elementor-divider\">\n\t\t\t<span class=\"elementor-divider-separator\">\n\t\t\t\t\t\t<\/span>\n\t\t<\/div>\n\t\t\t\t\t\t<\/div>\n\t\t\t\t<\/div>\n\t\t\t\t\t<\/div>\n\t\t<\/div>\n\t\t\t\t\t<\/div>\n\t\t<\/section>\n\t\t\t\t<div class=\"elementor-element elementor-element-22386bbe elementor-widget elementor-widget-heading\" data-id=\"22386bbe\" data-element_type=\"widget\" data-e-type=\"widget\" data-widget_type=\"heading.default\">\n\t\t\t\t<div class=\"elementor-widget-container\">\n\t\t\t\t\t<h2 class=\"elementor-heading-title elementor-size-default\">Our philosophy<\/h2>\t\t\t\t<\/div>\n\t\t\t\t<\/div>\n\t\t\t\t<section class=\"elementor-section elementor-inner-section elementor-element elementor-element-1767a98e elementor-section-boxed elementor-section-height-default elementor-section-height-default\" data-id=\"1767a98e\" data-element_type=\"section\" data-e-type=\"section\">\n\t\t\t\t\t\t<div class=\"elementor-container elementor-column-gap-default\">\n\t\t\t\t\t<div class=\"elementor-column elementor-col-50 elementor-inner-column elementor-element elementor-element-7ec7395b\" data-id=\"7ec7395b\" data-element_type=\"column\" data-e-type=\"column\">\n\t\t\t<div class=\"elementor-widget-wrap elementor-element-populated\">\n\t\t\t\t\t\t<div class=\"elementor-element elementor-element-77a34758 elementor-widget elementor-widget-image\" data-id=\"77a34758\" data-element_type=\"widget\" data-e-type=\"widget\" data-widget_type=\"image.default\">\n\t\t\t\t<div class=\"elementor-widget-container\">\n\t\t\t\t\t\t\t\t\t\t\t\t\t\t\t<img fetchpriority=\"high\" decoding=\"async\" width=\"500\" height=\"600\" src=\"https:\/\/avalonprzedszkole.pl\/wp-content\/uploads\/2020\/06\/Maria_Montessori1913.jpg\" class=\"elementor-animation-hang attachment-large size-large wp-image-2395\" alt=\"\" srcset=\"https:\/\/avalonprzedszkole.pl\/wp-content\/uploads\/2020\/06\/Maria_Montessori1913.jpg 500w, https:\/\/avalonprzedszkole.pl\/wp-content\/uploads\/2020\/06\/Maria_Montessori1913-250x300.jpg 250w\" sizes=\"(max-width: 500px) 100vw, 500px\" \/>\t\t\t\t\t\t\t\t\t\t\t\t\t\t\t<\/div>\n\t\t\t\t<\/div>\n\t\t\t\t\t<\/div>\n\t\t<\/div>\n\t\t\t\t<div class=\"elementor-column elementor-col-50 elementor-inner-column elementor-element elementor-element-447dc6ce\" data-id=\"447dc6ce\" data-element_type=\"column\" data-e-type=\"column\" data-settings=\"{&quot;background_background&quot;:&quot;classic&quot;}\">\n\t\t\t<div class=\"elementor-widget-wrap elementor-element-populated\">\n\t\t\t\t\t\t<div class=\"elementor-element elementor-element-ba50ca7 elementor-widget elementor-widget-heading\" data-id=\"ba50ca7\" data-element_type=\"widget\" data-e-type=\"widget\" data-widget_type=\"heading.default\">\n\t\t\t\t<div class=\"elementor-widget-container\">\n\t\t\t\t\t<h3 class=\"elementor-heading-title elementor-size-default\">Maria Montessori<\/h3>\t\t\t\t<\/div>\n\t\t\t\t<\/div>\n\t\t\t\t<div class=\"elementor-element elementor-element-4f1a88b8 elementor-widget elementor-widget-text-editor\" data-id=\"4f1a88b8\" data-element_type=\"widget\" data-e-type=\"widget\" data-widget_type=\"text-editor.default\">\n\t\t\t\t<div class=\"elementor-widget-container\">\n\t\t\t\t\t\t\t\t\t<p>\"The child who has felt a strong love for his surroundings and for all living creatures, who has discovered joy and enthusiasm in work, gives us reason to hope that humanity can develop in a new direction.\n\"Our hope for peace in the future lies not in the formal knowledge the adult can pass on to the child, but in the normal development of the new man.\" \u2014 Dr. Maria Montessori<\/p><p>Maria Montessori (1870-1952) Italian doctor and creator of the Montessori method. In 1896, she was the first woman to graduate from the University of Rome in medicine, becoming the 16th female doctor throughout Italy. After graduation, Maria started working in a psychiatric clinic at the University of Rome.<br \/>Katarzyna Zwierzchowska, director of the International Montessori Education Center in Warsaw \u201cMaria Montessori had an extraordinary gift of observation and drawing conclusions. Without the tools at its disposal, science developed a method 100 years ago that is now validated by modern neuroscience. And that's probably what its phenomenon is all about.<\/p>\t\t\t\t\t\t\t\t<\/div>\n\t\t\t\t<\/div>\n\t\t\t\t\t<\/div>\n\t\t<\/div>\n\t\t\t\t\t<\/div>\n\t\t<\/section>\n\t\t\t\t<section class=\"elementor-section elementor-inner-section elementor-element elementor-element-102c2d9a elementor-reverse-mobile elementor-section-boxed elementor-section-height-default elementor-section-height-default\" data-id=\"102c2d9a\" data-element_type=\"section\" data-e-type=\"section\">\n\t\t\t\t\t\t<div class=\"elementor-container elementor-column-gap-default\">\n\t\t\t\t\t<div class=\"elementor-column elementor-col-50 elementor-inner-column elementor-element elementor-element-21bdcad1\" data-id=\"21bdcad1\" data-element_type=\"column\" data-e-type=\"column\" data-settings=\"{&quot;background_background&quot;:&quot;classic&quot;}\">\n\t\t\t<div class=\"elementor-widget-wrap elementor-element-populated\">\n\t\t\t\t\t\t<div class=\"elementor-element elementor-element-72cc1da4 elementor-widget elementor-widget-heading\" data-id=\"72cc1da4\" data-element_type=\"widget\" data-e-type=\"widget\" data-widget_type=\"heading.default\">\n\t\t\t\t<div class=\"elementor-widget-container\">\n\t\t\t\t\t<h3 class=\"elementor-heading-title elementor-size-default\">Montessori education<\/h3>\t\t\t\t<\/div>\n\t\t\t\t<\/div>\n\t\t\t\t<div class=\"elementor-element elementor-element-4f914e70 elementor-widget elementor-widget-text-editor\" data-id=\"4f914e70\" data-element_type=\"widget\" data-e-type=\"widget\" data-widget_type=\"text-editor.default\">\n\t\t\t\t<div class=\"elementor-widget-container\">\n\t\t\t\t\t\t\t\t\t<p>Appreciation and recognition method of upbringing and teaching healthy children and children with developmental deficits based on a very good knowledge of the child's development. Maria Montessori's pedagogy supports the spontaneous and creative development of the pupils' activities.<br \/>Child development thanks to Montessori pedagogy, takes place at every level: physical, spiritual, cultural and social. Children's spontaneous and creative activity is also supported.<br \/>Montessori pedagogy supports the shaping of individual personality traits and the formation of the correct character, acquiring knowledge, school abilities and willingness to cooperate.<br \/>Children especially those under the age of 6 have an innate path of development<br \/>Maria Montessori based on her own experienceon she believed that children who have a choice and can be spontaneous will strive for optimal development.<br \/>Everyone has certain innate tendencies<br \/>i.e. abstraction, activity, communication, precision, innovation, manipulation of the environment, rule, cleverness, repetition, self-improvement, work (or deliberate activity). The selection of an appropriate method of teaching enables a more effective development of the child at a very early age which prepares him for adult life.<\/p><p>\u00a0<\/p>\t\t\t\t\t\t\t\t<\/div>\n\t\t\t\t<\/div>\n\t\t\t\t\t<\/div>\n\t\t<\/div>\n\t\t\t\t<div class=\"elementor-column elementor-col-50 elementor-inner-column elementor-element elementor-element-7317e7b8\" data-id=\"7317e7b8\" data-element_type=\"column\" data-e-type=\"column\">\n\t\t\t<div class=\"elementor-widget-wrap elementor-element-populated\">\n\t\t\t\t\t\t<div class=\"elementor-element elementor-element-78e90641 elementor-widget elementor-widget-image\" data-id=\"78e90641\" data-element_type=\"widget\" data-e-type=\"widget\" data-widget_type=\"image.default\">\n\t\t\t\t<div class=\"elementor-widget-container\">\n\t\t\t\t\t\t\t\t\t\t\t\t\t\t\t<img decoding=\"async\" width=\"768\" height=\"512\" src=\"https:\/\/avalonprzedszkole.pl\/wp-content\/uploads\/2025\/02\/AdobeStock_190125175-768x512.jpeg\" class=\"elementor-animation-hang attachment-medium_large size-medium_large wp-image-3867\" alt=\"\" srcset=\"https:\/\/avalonprzedszkole.pl\/wp-content\/uploads\/2025\/02\/AdobeStock_190125175-768x512.jpeg 768w, https:\/\/avalonprzedszkole.pl\/wp-content\/uploads\/2025\/02\/AdobeStock_190125175-300x200.jpeg 300w, https:\/\/avalonprzedszkole.pl\/wp-content\/uploads\/2025\/02\/AdobeStock_190125175-1024x683.jpeg 1024w, https:\/\/avalonprzedszkole.pl\/wp-content\/uploads\/2025\/02\/AdobeStock_190125175-1536x1024.jpeg 1536w, https:\/\/avalonprzedszkole.pl\/wp-content\/uploads\/2025\/02\/AdobeStock_190125175-2048x1365.jpeg 2048w, https:\/\/avalonprzedszkole.pl\/wp-content\/uploads\/2025\/02\/AdobeStock_190125175-18x12.jpeg 18w\" sizes=\"(max-width: 768px) 100vw, 768px\" \/>\t\t\t\t\t\t\t\t\t\t\t\t\t\t\t<\/div>\n\t\t\t\t<\/div>\n\t\t\t\t\t<\/div>\n\t\t<\/div>\n\t\t\t\t\t<\/div>\n\t\t<\/section>\n\t\t\t\t<section class=\"elementor-section elementor-inner-section elementor-element elementor-element-d5b0798 elementor-section-boxed elementor-section-height-default elementor-section-height-default\" data-id=\"d5b0798\" data-element_type=\"section\" data-e-type=\"section\">\n\t\t\t\t\t\t<div class=\"elementor-container elementor-column-gap-default\">\n\t\t\t\t\t<div class=\"elementor-column elementor-col-50 elementor-inner-column elementor-element elementor-element-870fda6\" data-id=\"870fda6\" data-element_type=\"column\" data-e-type=\"column\">\n\t\t\t<div class=\"elementor-widget-wrap elementor-element-populated\">\n\t\t\t\t\t\t<div class=\"elementor-element elementor-element-de00111 elementor-widget elementor-widget-image\" data-id=\"de00111\" data-element_type=\"widget\" data-e-type=\"widget\" data-widget_type=\"image.default\">\n\t\t\t\t<div class=\"elementor-widget-container\">\n\t\t\t\t\t\t\t\t\t\t\t\t\t\t\t<img decoding=\"async\" width=\"1024\" height=\"683\" src=\"https:\/\/avalonprzedszkole.pl\/wp-content\/uploads\/2025\/02\/AdobeStock_299212262-1024x683.jpeg\" class=\"elementor-animation-hang attachment-large size-large wp-image-3834\" alt=\"\" srcset=\"https:\/\/avalonprzedszkole.pl\/wp-content\/uploads\/2025\/02\/AdobeStock_299212262-1024x683.jpeg 1024w, https:\/\/avalonprzedszkole.pl\/wp-content\/uploads\/2025\/02\/AdobeStock_299212262-300x200.jpeg 300w, https:\/\/avalonprzedszkole.pl\/wp-content\/uploads\/2025\/02\/AdobeStock_299212262-768x512.jpeg 768w, https:\/\/avalonprzedszkole.pl\/wp-content\/uploads\/2025\/02\/AdobeStock_299212262-1536x1024.jpeg 1536w, https:\/\/avalonprzedszkole.pl\/wp-content\/uploads\/2025\/02\/AdobeStock_299212262-2048x1365.jpeg 2048w, https:\/\/avalonprzedszkole.pl\/wp-content\/uploads\/2025\/02\/AdobeStock_299212262-18x12.jpeg 18w\" sizes=\"(max-width: 1024px) 100vw, 1024px\" \/>\t\t\t\t\t\t\t\t\t\t\t\t\t\t\t<\/div>\n\t\t\t\t<\/div>\n\t\t\t\t\t<\/div>\n\t\t<\/div>\n\t\t\t\t<div class=\"elementor-column elementor-col-50 elementor-inner-column elementor-element elementor-element-6d35c26\" data-id=\"6d35c26\" data-element_type=\"column\" data-e-type=\"column\" data-settings=\"{&quot;background_background&quot;:&quot;classic&quot;}\">\n\t\t\t<div class=\"elementor-widget-wrap elementor-element-populated\">\n\t\t\t\t\t\t<div class=\"elementor-element elementor-element-fc32116 elementor-widget elementor-widget-heading\" data-id=\"fc32116\" data-element_type=\"widget\" data-e-type=\"widget\" data-widget_type=\"heading.default\">\n\t\t\t\t<div class=\"elementor-widget-container\">\n\t\t\t\t\t<h3 class=\"elementor-heading-title elementor-size-default\">Montessori material<\/h3>\t\t\t\t<\/div>\n\t\t\t\t<\/div>\n\t\t\t\t<div class=\"elementor-element elementor-element-d29a0b3 elementor-widget elementor-widget-text-editor\" data-id=\"d29a0b3\" data-element_type=\"widget\" data-e-type=\"widget\" data-widget_type=\"text-editor.default\">\n\t\t\t\t<div class=\"elementor-widget-container\">\n\t\t\t\t\t\t\t\t\t<p>The kindergarten classrooms are equipped with specialized Montessori material. Each classroom has its own set of materials belonging to the group (i.e. the kindergarten is provided with three sets of the same or similar materials). The main raw materials from which the teaching aids are made are wood, paper and natural fabrics. We try to keep plastic items to an absolute minimum. The most important task of the materials is \"learning through play\" - The child, while playing with them, learns and develops very specific skills - these are areas such as everyday life, maths, geography and language. These aids are items made carefully and with attention to detail - contact with them promotes the development of the child's aesthetic sense and sense of taste. At the beginning, the child receives tips and instructions from the teacher - how to use the material, then the child continues to work independently, without unnecessary interference from the teacher.<\/p>\t\t\t\t\t\t\t\t<\/div>\n\t\t\t\t<\/div>\n\t\t\t\t\t<\/div>\n\t\t<\/div>\n\t\t\t\t\t<\/div>\n\t\t<\/section>\n\t\t\t\t\t<\/div>\n\t\t<\/div>\n\t\t\t\t\t<\/div>\n\t\t<\/section>\n\t\t\t\t<\/div>","protected":false},"excerpt":{"rendered":"<p>MONTESSORI Nasza filozofia Maria Montessori \u201eDziecko, kt\u00f3re naprawd\u0119 pokocha\u0142o swoje otoczenie i wszystkie \u017cyj\u0105ce stworzenia, kt\u00f3re odkry\u0142o rado\u015b\u0107 i entuzjazm w pracy, daje nam pow\u00f3d, by mie\u0107 nadziej\u0119\u2026 nadziej\u0119 na pok\u00f3j w przysz\u0142o\u015bci.&#8221;\u00a0 \u00a0 \u00a0 \u00a0 \u00a0 \u00a0 \u00a0 \u00a0 \u00a0 \u00a0 \u00a0 \u00a0 \u00a0 \u00a0 \u00a0 \u00a0 \u00a0 \u00a0 \u00a0 \u00a0 \u00a0 \u00a0 \u00a0 [&hellip;]<\/p>","protected":false},"author":1,"featured_media":0,"parent":0,"menu_order":0,"comment_status":"closed","ping_status":"closed","template":"","meta":{"footnotes":""},"class_list":["post-2263","page","type-page","status-publish","hentry","entry"],"_links":{"self":[{"href":"https:\/\/avalonprzedszkole.pl\/en\/wp-json\/wp\/v2\/pages\/2263","targetHints":{"allow":["GET"]}}],"collection":[{"href":"https:\/\/avalonprzedszkole.pl\/en\/wp-json\/wp\/v2\/pages"}],"about":[{"href":"https:\/\/avalonprzedszkole.pl\/en\/wp-json\/wp\/v2\/types\/page"}],"author":[{"embeddable":true,"href":"https:\/\/avalonprzedszkole.pl\/en\/wp-json\/wp\/v2\/users\/1"}],"replies":[{"embeddable":true,"href":"https:\/\/avalonprzedszkole.pl\/en\/wp-json\/wp\/v2\/comments?post=2263"}],"version-history":[{"count":25,"href":"https:\/\/avalonprzedszkole.pl\/en\/wp-json\/wp\/v2\/pages\/2263\/revisions"}],"predecessor-version":[{"id":3871,"href":"https:\/\/avalonprzedszkole.pl\/en\/wp-json\/wp\/v2\/pages\/2263\/revisions\/3871"}],"wp:attachment":[{"href":"https:\/\/avalonprzedszkole.pl\/en\/wp-json\/wp\/v2\/media?parent=2263"}],"curies":[{"name":"wp","href":"https:\/\/api.w.org\/{rel}","templated":true}]}}